{"id":410,"date":"2021-03-16T12:40:45","date_gmt":"2021-03-16T12:40:45","guid":{"rendered":"http:\/\/site1.nfsb.qc.ca\/?page_id=410"},"modified":"2025-11-17T13:44:19","modified_gmt":"2025-11-17T13:44:19","slug":"calendar","status":"publish","type":"page","link":"https:\/\/cvr.nfsb.qc.ca\/fr\/calendar\/","title":{"rendered":"Calendrier"},"content":{"rendered":"","protected":false},"excerpt":{"rendered":"","protected":false},"author":2,"featured_media":1567,"parent":0,"menu_order":0,"comment_status":"closed","ping_status":"closed","template":"","meta":{"footnotes":""},"class_list":["post-410","page","type-page","status-publish","has-post-thumbnail","hentry"],"yoast_head":"<!-- This site is optimized with the Yoast SEO plugin v27.5 - https:\/\/yoast.com\/product\/yoast-seo-wordpress\/ -->\n<title>Calendar - Chateauguay Valley Regional High School<\/title>\n<meta name=\"robots\" content=\"index, follow, max-snippet:-1, max-image-preview:large, max-video-preview:-1\" \/>\n<link rel=\"canonical\" href=\"https:\/\/cvr.nfsb.qc.ca\/fr\/calendar\/\" \/>\n<meta property=\"og:locale\" content=\"fr_CA\" \/>\n<meta property=\"og:type\" content=\"article\" \/>\n<meta property=\"og:title\" content=\"Calendar - Chateauguay Valley Regional High School\" \/>\n<meta property=\"og:url\" content=\"https:\/\/cvr.nfsb.qc.ca\/fr\/calendar\/\" \/>\n<meta property=\"og:site_name\" content=\"Chateauguay Valley Regional High School\" \/>\n<meta property=\"article:modified_time\" content=\"2025-11-17T13:44:19+00:00\" \/>\n<meta property=\"og:image\" content=\"https:\/\/cvr.nfsb.qc.ca\/wp-content\/uploads\/sites\/20\/2021\/10\/HSB-Cycle-Calendar-2021_22_Oct-Update-2.jpg\" \/>\n\t<meta property=\"og:image:width\" content=\"1275\" \/>\n\t<meta property=\"og:image:height\" content=\"1650\" \/>\n\t<meta property=\"og:image:type\" content=\"image\/jpeg\" \/>\n<meta name=\"twitter:card\" content=\"summary_large_image\" \/>\n<meta name=\"twitter:label1\" content=\"Estimation du temps de lecture\" \/>\n\t<meta name=\"twitter:data1\" content=\"1 minute\" \/>\n<script type=\"application\/ld+json\" class=\"yoast-schema-graph\">{\"@context\":\"https:\\\/\\\/schema.org\",\"@graph\":[{\"@type\":\"WebPage\",\"@id\":\"https:\\\/\\\/cvr.nfsb.qc.ca\\\/calendar\\\/\",\"url\":\"https:\\\/\\\/cvr.nfsb.qc.ca\\\/calendar\\\/\",\"name\":\"Calendar - Chateauguay Valley Regional High School\",\"isPartOf\":{\"@id\":\"https:\\\/\\\/cvr.nfsb.qc.ca\\\/#website\"},\"primaryImageOfPage\":{\"@id\":\"https:\\\/\\\/cvr.nfsb.qc.ca\\\/calendar\\\/#primaryimage\"},\"image\":{\"@id\":\"https:\\\/\\\/cvr.nfsb.qc.ca\\\/calendar\\\/#primaryimage\"},\"thumbnailUrl\":\"https:\\\/\\\/cvr.nfsb.qc.ca\\\/wp-content\\\/uploads\\\/sites\\\/20\\\/2021\\\/10\\\/HSB-Cycle-Calendar-2021_22_Oct-Update-2.jpg\",\"datePublished\":\"2021-03-16T12:40:45+00:00\",\"dateModified\":\"2025-11-17T13:44:19+00:00\",\"breadcrumb\":{\"@id\":\"https:\\\/\\\/cvr.nfsb.qc.ca\\\/calendar\\\/#breadcrumb\"},\"inLanguage\":\"fr-CA\",\"potentialAction\":[{\"@type\":\"ReadAction\",\"target\":[\"https:\\\/\\\/cvr.nfsb.qc.ca\\\/calendar\\\/\"]}]},{\"@type\":\"ImageObject\",\"inLanguage\":\"fr-CA\",\"@id\":\"https:\\\/\\\/cvr.nfsb.qc.ca\\\/calendar\\\/#primaryimage\",\"url\":\"https:\\\/\\\/cvr.nfsb.qc.ca\\\/wp-content\\\/uploads\\\/sites\\\/20\\\/2021\\\/10\\\/HSB-Cycle-Calendar-2021_22_Oct-Update-2.jpg\",\"contentUrl\":\"https:\\\/\\\/cvr.nfsb.qc.ca\\\/wp-content\\\/uploads\\\/sites\\\/20\\\/2021\\\/10\\\/HSB-Cycle-Calendar-2021_22_Oct-Update-2.jpg\",\"width\":1275,\"height\":1650},{\"@type\":\"BreadcrumbList\",\"@id\":\"https:\\\/\\\/cvr.nfsb.qc.ca\\\/calendar\\\/#breadcrumb\",\"itemListElement\":[{\"@type\":\"ListItem\",\"position\":1,\"name\":\"Home\",\"item\":\"https:\\\/\\\/cvr.nfsb.qc.ca\\\/\"},{\"@type\":\"ListItem\",\"position\":2,\"name\":\"Calendar\"}]},{\"@type\":\"WebSite\",\"@id\":\"https:\\\/\\\/cvr.nfsb.qc.ca\\\/#website\",\"url\":\"https:\\\/\\\/cvr.nfsb.qc.ca\\\/\",\"name\":\"Chateauguay Valley Regional High School\",\"description\":\"CVR - Home of the Spartans!\",\"potentialAction\":[{\"@type\":\"SearchAction\",\"target\":{\"@type\":\"EntryPoint\",\"urlTemplate\":\"https:\\\/\\\/cvr.nfsb.qc.ca\\\/?s={search_term_string}\"},\"query-input\":{\"@type\":\"PropertyValueSpecification\",\"valueRequired\":true,\"valueName\":\"search_term_string\"}}],\"inLanguage\":\"fr-CA\"}]}<\/script>\n<!-- \/ Yoast SEO plugin. -->","yoast_head_json":{"title":"Calendar - Chateauguay Valley Regional High School","robots":{"index":"index","follow":"follow","max-snippet":"max-snippet:-1","max-image-preview":"max-image-preview:large","max-video-preview":"max-video-preview:-1"},"canonical":"https:\/\/cvr.nfsb.qc.ca\/fr\/calendar\/","og_locale":"fr_CA","og_type":"article","og_title":"Calendar - Chateauguay Valley Regional High School","og_url":"https:\/\/cvr.nfsb.qc.ca\/fr\/calendar\/","og_site_name":"Chateauguay Valley Regional High School","article_modified_time":"2025-11-17T13:44:19+00:00","og_image":[{"width":1275,"height":1650,"url":"https:\/\/cvr.nfsb.qc.ca\/wp-content\/uploads\/sites\/20\/2021\/10\/HSB-Cycle-Calendar-2021_22_Oct-Update-2.jpg","type":"image\/jpeg"}],"twitter_card":"summary_large_image","twitter_misc":{"Estimation du temps de lecture":"1 minute"},"schema":{"@context":"https:\/\/schema.org","@graph":[{"@type":"WebPage","@id":"https:\/\/cvr.nfsb.qc.ca\/calendar\/","url":"https:\/\/cvr.nfsb.qc.ca\/calendar\/","name":"Calendar - Chateauguay Valley Regional High School","isPartOf":{"@id":"https:\/\/cvr.nfsb.qc.ca\/#website"},"primaryImageOfPage":{"@id":"https:\/\/cvr.nfsb.qc.ca\/calendar\/#primaryimage"},"image":{"@id":"https:\/\/cvr.nfsb.qc.ca\/calendar\/#primaryimage"},"thumbnailUrl":"https:\/\/cvr.nfsb.qc.ca\/wp-content\/uploads\/sites\/20\/2021\/10\/HSB-Cycle-Calendar-2021_22_Oct-Update-2.jpg","datePublished":"2021-03-16T12:40:45+00:00","dateModified":"2025-11-17T13:44:19+00:00","breadcrumb":{"@id":"https:\/\/cvr.nfsb.qc.ca\/calendar\/#breadcrumb"},"inLanguage":"fr-CA","potentialAction":[{"@type":"ReadAction","target":["https:\/\/cvr.nfsb.qc.ca\/calendar\/"]}]},{"@type":"ImageObject","inLanguage":"fr-CA","@id":"https:\/\/cvr.nfsb.qc.ca\/calendar\/#primaryimage","url":"https:\/\/cvr.nfsb.qc.ca\/wp-content\/uploads\/sites\/20\/2021\/10\/HSB-Cycle-Calendar-2021_22_Oct-Update-2.jpg","contentUrl":"https:\/\/cvr.nfsb.qc.ca\/wp-content\/uploads\/sites\/20\/2021\/10\/HSB-Cycle-Calendar-2021_22_Oct-Update-2.jpg","width":1275,"height":1650},{"@type":"BreadcrumbList","@id":"https:\/\/cvr.nfsb.qc.ca\/calendar\/#breadcrumb","itemListElement":[{"@type":"ListItem","position":1,"name":"Home","item":"https:\/\/cvr.nfsb.qc.ca\/"},{"@type":"ListItem","position":2,"name":"Calendar"}]},{"@type":"WebSite","@id":"https:\/\/cvr.nfsb.qc.ca\/#website","url":"https:\/\/cvr.nfsb.qc.ca\/","name":"\u00c9cole secondaire r\u00e9gionale de la vall\u00e9e de Ch\u00e2teauguay","description":"CVR - La maison des Spartiates !","potentialAction":[{"@type":"SearchAction","target":{"@type":"EntryPoint","urlTemplate":"https:\/\/cvr.nfsb.qc.ca\/?s={search_term_string}"},"query-input":{"@type":"PropertyValueSpecification","valueRequired":true,"valueName":"search_term_string"}}],"inLanguage":"fr-CA"}]}},"_links":{"self":[{"href":"https:\/\/cvr.nfsb.qc.ca\/fr\/wp-json\/wp\/v2\/pages\/410","targetHints":{"allow":["GET"]}}],"collection":[{"href":"https:\/\/cvr.nfsb.qc.ca\/fr\/wp-json\/wp\/v2\/pages"}],"about":[{"href":"https:\/\/cvr.nfsb.qc.ca\/fr\/wp-json\/wp\/v2\/types\/page"}],"author":[{"embeddable":true,"href":"https:\/\/cvr.nfsb.qc.ca\/fr\/wp-json\/wp\/v2\/users\/2"}],"replies":[{"embeddable":true,"href":"https:\/\/cvr.nfsb.qc.ca\/fr\/wp-json\/wp\/v2\/comments?post=410"}],"version-history":[{"count":5,"href":"https:\/\/cvr.nfsb.qc.ca\/fr\/wp-json\/wp\/v2\/pages\/410\/revisions"}],"predecessor-version":[{"id":2264,"href":"https:\/\/cvr.nfsb.qc.ca\/fr\/wp-json\/wp\/v2\/pages\/410\/revisions\/2264"}],"wp:featuredmedia":[{"embeddable":true,"href":"https:\/\/cvr.nfsb.qc.ca\/fr\/wp-json\/wp\/v2\/media\/1567"}],"wp:attachment":[{"href":"https:\/\/cvr.nfsb.qc.ca\/fr\/wp-json\/wp\/v2\/media?parent=410"}],"curies":[{"name":"wp","href":"https:\/\/api.w.org\/{rel}","templated":true}]}}