{"id":442,"date":"2021-03-16T15:24:33","date_gmt":"2021-03-16T15:24:33","guid":{"rendered":"http:\/\/site1.nfsb.qc.ca\/?page_id=442"},"modified":"2023-12-05T17:28:52","modified_gmt":"2023-12-05T17:28:52","slug":"facilities-rentals","status":"publish","type":"page","link":"https:\/\/cvr.nfsb.qc.ca\/fr\/facilities-rentals\/","title":{"rendered":"Location d'installations"},"content":{"rendered":"","protected":false},"excerpt":{"rendered":"","protected":false},"author":2,"featured_media":0,"parent":0,"menu_order":0,"comment_status":"closed","ping_status":"closed","template":"","meta":{"footnotes":""},"class_list":["post-442","page","type-page","status-publish","hentry"],"yoast_head":"<!-- This site is optimized with the Yoast SEO plugin v27.4 - https:\/\/yoast.com\/product\/yoast-seo-wordpress\/ -->\n<title>Facilities Rentals - Chateauguay Valley Regional High School<\/title>\n<meta name=\"robots\" content=\"index, follow, max-snippet:-1, max-image-preview:large, max-video-preview:-1\" \/>\n<link rel=\"canonical\" href=\"https:\/\/cvr.nfsb.qc.ca\/fr\/facilities-rentals\/\" \/>\n<meta property=\"og:locale\" content=\"fr_CA\" \/>\n<meta property=\"og:type\" content=\"article\" \/>\n<meta property=\"og:title\" content=\"Facilities Rentals - Chateauguay Valley Regional High School\" \/>\n<meta property=\"og:url\" content=\"https:\/\/cvr.nfsb.qc.ca\/fr\/facilities-rentals\/\" \/>\n<meta property=\"og:site_name\" content=\"Chateauguay Valley Regional High School\" \/>\n<meta property=\"article:modified_time\" content=\"2023-12-05T17:28:52+00:00\" \/>\n<meta name=\"twitter:card\" content=\"summary_large_image\" \/>\n<script type=\"application\/ld+json\" class=\"yoast-schema-graph\">{\"@context\":\"https:\\\/\\\/schema.org\",\"@graph\":[{\"@type\":\"WebPage\",\"@id\":\"https:\\\/\\\/cvr.nfsb.qc.ca\\\/facilities-rentals\\\/\",\"url\":\"https:\\\/\\\/cvr.nfsb.qc.ca\\\/facilities-rentals\\\/\",\"name\":\"Facilities Rentals - Chateauguay Valley Regional High School\",\"isPartOf\":{\"@id\":\"https:\\\/\\\/cvr.nfsb.qc.ca\\\/#website\"},\"datePublished\":\"2021-03-16T15:24:33+00:00\",\"dateModified\":\"2023-12-05T17:28:52+00:00\",\"breadcrumb\":{\"@id\":\"https:\\\/\\\/cvr.nfsb.qc.ca\\\/facilities-rentals\\\/#breadcrumb\"},\"inLanguage\":\"fr-CA\",\"potentialAction\":[{\"@type\":\"ReadAction\",\"target\":[\"https:\\\/\\\/cvr.nfsb.qc.ca\\\/facilities-rentals\\\/\"]}]},{\"@type\":\"BreadcrumbList\",\"@id\":\"https:\\\/\\\/cvr.nfsb.qc.ca\\\/facilities-rentals\\\/#breadcrumb\",\"itemListElement\":[{\"@type\":\"ListItem\",\"position\":1,\"name\":\"Home\",\"item\":\"https:\\\/\\\/cvr.nfsb.qc.ca\\\/\"},{\"@type\":\"ListItem\",\"position\":2,\"name\":\"Facilities Rentals\"}]},{\"@type\":\"WebSite\",\"@id\":\"https:\\\/\\\/cvr.nfsb.qc.ca\\\/#website\",\"url\":\"https:\\\/\\\/cvr.nfsb.qc.ca\\\/\",\"name\":\"Chateauguay Valley Regional High School\",\"description\":\"CVR - Home of the Spartans!\",\"potentialAction\":[{\"@type\":\"SearchAction\",\"target\":{\"@type\":\"EntryPoint\",\"urlTemplate\":\"https:\\\/\\\/cvr.nfsb.qc.ca\\\/?s={search_term_string}\"},\"query-input\":{\"@type\":\"PropertyValueSpecification\",\"valueRequired\":true,\"valueName\":\"search_term_string\"}}],\"inLanguage\":\"fr-CA\"}]}<\/script>\n<!-- \/ Yoast SEO plugin. -->","yoast_head_json":{"title":"Facilities Rentals - Chateauguay Valley Regional High School","robots":{"index":"index","follow":"follow","max-snippet":"max-snippet:-1","max-image-preview":"max-image-preview:large","max-video-preview":"max-video-preview:-1"},"canonical":"https:\/\/cvr.nfsb.qc.ca\/fr\/facilities-rentals\/","og_locale":"fr_CA","og_type":"article","og_title":"Facilities Rentals - Chateauguay Valley Regional High School","og_url":"https:\/\/cvr.nfsb.qc.ca\/fr\/facilities-rentals\/","og_site_name":"Chateauguay Valley Regional High School","article_modified_time":"2023-12-05T17:28:52+00:00","twitter_card":"summary_large_image","schema":{"@context":"https:\/\/schema.org","@graph":[{"@type":"WebPage","@id":"https:\/\/cvr.nfsb.qc.ca\/facilities-rentals\/","url":"https:\/\/cvr.nfsb.qc.ca\/facilities-rentals\/","name":"Facilities Rentals - Chateauguay Valley Regional High School","isPartOf":{"@id":"https:\/\/cvr.nfsb.qc.ca\/#website"},"datePublished":"2021-03-16T15:24:33+00:00","dateModified":"2023-12-05T17:28:52+00:00","breadcrumb":{"@id":"https:\/\/cvr.nfsb.qc.ca\/facilities-rentals\/#breadcrumb"},"inLanguage":"fr-CA","potentialAction":[{"@type":"ReadAction","target":["https:\/\/cvr.nfsb.qc.ca\/facilities-rentals\/"]}]},{"@type":"BreadcrumbList","@id":"https:\/\/cvr.nfsb.qc.ca\/facilities-rentals\/#breadcrumb","itemListElement":[{"@type":"ListItem","position":1,"name":"Home","item":"https:\/\/cvr.nfsb.qc.ca\/"},{"@type":"ListItem","position":2,"name":"Facilities Rentals"}]},{"@type":"WebSite","@id":"https:\/\/cvr.nfsb.qc.ca\/#website","url":"https:\/\/cvr.nfsb.qc.ca\/","name":"\u00c9cole secondaire r\u00e9gionale de la vall\u00e9e de Ch\u00e2teauguay","description":"CVR - La maison des Spartiates !","potentialAction":[{"@type":"SearchAction","target":{"@type":"EntryPoint","urlTemplate":"https:\/\/cvr.nfsb.qc.ca\/?s={search_term_string}"},"query-input":{"@type":"PropertyValueSpecification","valueRequired":true,"valueName":"search_term_string"}}],"inLanguage":"fr-CA"}]}},"_links":{"self":[{"href":"https:\/\/cvr.nfsb.qc.ca\/fr\/wp-json\/wp\/v2\/pages\/442","targetHints":{"allow":["GET"]}}],"collection":[{"href":"https:\/\/cvr.nfsb.qc.ca\/fr\/wp-json\/wp\/v2\/pages"}],"about":[{"href":"https:\/\/cvr.nfsb.qc.ca\/fr\/wp-json\/wp\/v2\/types\/page"}],"author":[{"embeddable":true,"href":"https:\/\/cvr.nfsb.qc.ca\/fr\/wp-json\/wp\/v2\/users\/2"}],"replies":[{"embeddable":true,"href":"https:\/\/cvr.nfsb.qc.ca\/fr\/wp-json\/wp\/v2\/comments?post=442"}],"version-history":[{"count":3,"href":"https:\/\/cvr.nfsb.qc.ca\/fr\/wp-json\/wp\/v2\/pages\/442\/revisions"}],"predecessor-version":[{"id":1941,"href":"https:\/\/cvr.nfsb.qc.ca\/fr\/wp-json\/wp\/v2\/pages\/442\/revisions\/1941"}],"wp:attachment":[{"href":"https:\/\/cvr.nfsb.qc.ca\/fr\/wp-json\/wp\/v2\/media?parent=442"}],"curies":[{"name":"wp","href":"https:\/\/api.w.org\/{rel}","templated":true}]}}